{"id":950,"date":"2024-11-12T14:25:53","date_gmt":"2024-11-12T13:25:53","guid":{"rendered":"https:\/\/tacoweytacos.com\/accesibilidad-web\/"},"modified":"2024-12-04T09:22:19","modified_gmt":"2024-12-04T08:22:19","slug":"accesibilidad-web","status":"publish","type":"page","link":"https:\/\/tacoweytacos.com\/es\/accesibilidad-web\/","title":{"rendered":"Accesibilidad web"},"content":{"rendered":"\n<p>Tacowey es compromet a fer que el lloc web <a href=\"https:\/\/tacoweytacos.com\/\">taco.dms3labs.cat<\/a> sigui accessible per a tots els usuaris, incloent-hi persones amb discapacitats. Estem compromesos a garantir que el nostre lloc web compleixi les pautes d\u2019accessibilitat web de nivell AA de la WCAG 2.1.<\/p>\n\n<h2 class=\"wp-block-heading\">Situaci\u00f3n de cumplimiento<\/h2>\n\n<p>Les Pautes d\u2019Accessibilitat per al Contingut Web (WCAG) defineixen els requisits per a dissenyadors i desenvolupadors per millorar l\u2019accessibilitat per a persones amb discapacitats. Es defineixen tres nivells de conformitat: Nivell A, Nivell AA i Nivell AAA. <a href=\"https:\/\/tacoweytacos.com\/\" target=\"_blank\" rel=\"noreferrer noopener\">taco.dms3labs.cat<\/a> compleix parcialment amb WCAG 2.1 Nivell AA. Parcialment conforme significa que algunes parts del contingut no compleixen completament l\u2019est\u00e0ndard d\u2019accessibilitat.<\/p>\n\n<h2 class=\"wp-block-heading\">Contenido no accesible<\/h2>\n\n<p>Podr\u00edan existir documentos ofim\u00e1ticos en PDF y otros formatos que no cumplan totalmente los requisitos de accesibilidad. Pueden solicitarse los documentos completamente accesibles desde el formulario de contacto.<\/p>\n\n<p>Podr\u00edan existir errores de c\u00f3digo puntuales de edici\u00f3n en alguna p\u00e1gina web.<\/p>\n\n<h2 class=\"wp-block-heading\">Feedback<\/h2>\n\n<p>Estamos comprometidos a seguir mejorando la accesibilidad de nuestro sitio web para garantizar que sea accesible a todos. Si tienes alguna pregunta o sugerencia, por favor cont\u00e1ctanos.<\/p>\n\n<p>Firma: Tacowey<br\/>Fecha:12\/11\/2024<\/p>\n","protected":false},"excerpt":{"rendered":"<p>Tacowey es compromet a fer que el lloc web taco.dms3labs.cat sigui accessible per a tots els usuaris, incloent-hi persones amb discapacitats. Estem compromesos a garantir que el nostre lloc web compleixi les pautes d\u2019accessibilitat web de nivell AA de la WCAG 2.1. Situaci\u00f3n de cumplimiento Les Pautes d\u2019Accessibilitat per al Contingut Web (WCAG) defineixen els [&hellip;]<\/p>\n","protected":false},"author":1,"featured_media":0,"parent":0,"menu_order":0,"comment_status":"closed","ping_status":"closed","template":"","meta":{"_acf_changed":false,"_et_pb_use_builder":"off","_et_pb_old_content":"","_et_gb_content_width":"","footnotes":""},"estil-menu":[],"class_list":["post-950","page","type-page","status-publish","hentry"],"acf":[],"_links":{"self":[{"href":"https:\/\/tacoweytacos.com\/es\/wp-json\/wp\/v2\/pages\/950","targetHints":{"allow":["GET"]}}],"collection":[{"href":"https:\/\/tacoweytacos.com\/es\/wp-json\/wp\/v2\/pages"}],"about":[{"href":"https:\/\/tacoweytacos.com\/es\/wp-json\/wp\/v2\/types\/page"}],"author":[{"embeddable":true,"href":"https:\/\/tacoweytacos.com\/es\/wp-json\/wp\/v2\/users\/1"}],"replies":[{"embeddable":true,"href":"https:\/\/tacoweytacos.com\/es\/wp-json\/wp\/v2\/comments?post=950"}],"version-history":[{"count":3,"href":"https:\/\/tacoweytacos.com\/es\/wp-json\/wp\/v2\/pages\/950\/revisions"}],"predecessor-version":[{"id":1026,"href":"https:\/\/tacoweytacos.com\/es\/wp-json\/wp\/v2\/pages\/950\/revisions\/1026"}],"wp:attachment":[{"href":"https:\/\/tacoweytacos.com\/es\/wp-json\/wp\/v2\/media?parent=950"}],"wp:term":[{"taxonomy":"estil-menu","embeddable":true,"href":"https:\/\/tacoweytacos.com\/es\/wp-json\/wp\/v2\/estil-menu?post=950"}],"curies":[{"name":"wp","href":"https:\/\/api.w.org\/{rel}","templated":true}]}}