{"id":856,"date":"2024-11-07T12:11:10","date_gmt":"2024-11-07T11:11:10","guid":{"rendered":"https:\/\/tacoweytacos.com\/inicio\/"},"modified":"2026-02-02T12:40:14","modified_gmt":"2026-02-02T11:40:14","slug":"inicio","status":"publish","type":"page","link":"https:\/\/tacoweytacos.com\/es\/","title":{"rendered":"Inicio"},"content":{"rendered":"<p>[et_pb_section fb_built=\u00bb1&#8243; custom_padding_last_edited=\u00bbon|desktop\u00bb _builder_version=\u00bb4.27.2&#8243; _module_preset=\u00bba2908fc2-aeb5-46a7-9c0c-474d7c4642a7&#8243; background_color=\u00bb#E6DED1&#8243; background_image=\u00bbhttps:\/\/tacoweytacos.com\/wp-content\/uploads\/2024\/11\/pattern-beige-tacowey.png\u00bb custom_margin=\u00bb||||false|false\u00bb custom_margin_tablet=\u00bb||||false|false\u00bb custom_margin_last_edited=\u00bboff|desktop\u00bb custom_padding=\u00bb150px||150px||false|false\u00bb custom_padding_tablet=\u00bb50px||150px||false|false\u00bb custom_padding_phone=\u00bb50px||||false|false\u00bb custom_css_main_element=\u00bbz-index: 20;\u00bb global_colors_info=\u00bb{}\u00bb][et_pb_row column_structure=\u00bb3_5,2_5&#8243; custom_padding_last_edited=\u00bboff|desktop\u00bb module_class=\u00bbheader-row\u00bb _builder_version=\u00bb4.27.2&#8243; _module_preset=\u00bbdefault\u00bb custom_padding=\u00bb||||false|false\u00bb custom_padding_tablet=\u00bb50px||||false|false\u00bb custom_padding_phone=\u00bb0px||||false|false\u00bb global_colors_info=\u00bb{}\u00bb][et_pb_column type=\u00bb3_5&#8243; _builder_version=\u00bb4.27.2&#8243; _module_preset=\u00bbdefault\u00bb custom_padding=\u00bb||||false|false\u00bb global_colors_info=\u00bb{}\u00bb][et_pb_image src=\u00bbhttps:\/\/tacoweytacos.com\/wp-content\/uploads\/2024\/11\/thetacowey-logo-blanc-e1731481482866.png\u00bb alt=\u00bbLogo blanco por The Tacowey\u00bb title_text=\u00bbLogo blanco por The Tacowey\u00bb align_tablet=\u00bbcenter\u00bb align_phone=\u00bbcenter\u00bb align_last_edited=\u00bbon|phone\u00bb _builder_version=\u00bb4.27.3&#8243; _module_preset=\u00bbdefault\u00bb global_colors_info=\u00bb{}\u00bb][\/et_pb_image][et_pb_cta title=\u00bbTacos gourmet<br \/> en casa\u00bb button_url=\u00bb#tacowey\u00bb button_text=\u00bbM\u00e1s informaci\u00f3n\u00bb _builder_version=\u00bb4.27.4&#8243; _module_preset=\u00bbdefault\u00bb header_font=\u00bbLondrina Solid|||on|||||\u00bb header_font_size=\u00bb90px\u00bb background_layout=\u00bblight\u00bb hover_enabled=\u00bb0&#8243; header_text_align_tablet=\u00bbcenter\u00bb header_text_align_phone=\u00bbcenter\u00bb header_text_align_last_edited=\u00bbon|phone\u00bb header_font_size_tablet=\u00bb60px\u00bb header_font_size_phone=\u00bb\u00bb header_font_size_last_edited=\u00bbon|phone\u00bb body_text_align_last_edited=\u00bboff|phone\u00bb button_alignment_tablet=\u00bbcenter\u00bb button_alignment_phone=\u00bbcenter\u00bb button_alignment_last_edited=\u00bbon|phone\u00bb global_colors_info=\u00bb{}\u00bb header_level=\u00bbh1&#8243; sticky_enabled=\u00bb0&#8243;][\/et_pb_cta][\/et_pb_column][et_pb_column type=\u00bb2_5&#8243; _builder_version=\u00bb4.27.2&#8243; _module_preset=\u00bbdefault\u00bb global_colors_info=\u00bb{}\u00bb][et_pb_image src=\u00bbhttps:\/\/tacoweytacos.com\/wp-content\/uploads\/2024\/11\/tacowey-pack-1.png\u00bb alt=\u00bbTacos de cochinita pibil, pulled pork y veganito en Tacowey\u00bb title_text=\u00bbTacos de cochinita pibil, pulled pork y veganito en Tacowey\u00bb align=\u00bbcenter\u00bb _builder_version=\u00bb4.27.2&#8243; _module_preset=\u00bbdefault\u00bb width_tablet=\u00bb60%\u00bb width_phone=\u00bb70%\u00bb width_last_edited=\u00bbon|tablet\u00bb global_colors_info=\u00bb{}\u00bb][\/et_pb_image][\/et_pb_column][\/et_pb_row][\/et_pb_section][et_pb_section fb_built=\u00bb1&#8243; custom_padding_last_edited=\u00bbon|desktop\u00bb _builder_version=\u00bb4.27.2&#8243; _module_preset=\u00bbdefault\u00bb background_color=\u00bbRGBA(255,255,255,0)\u00bb background_image=\u00bbhttps:\/\/tacoweytacos.com\/wp-content\/uploads\/2024\/11\/pattern-tacowey.png\u00bb custom_margin=\u00bb||||false|false\u00bb custom_margin_last_edited=\u00bboff|desktop\u00bb custom_padding=\u00bb||150px||false|false\u00bb custom_padding_tablet=\u00bb||250px||false|false\u00bb custom_padding_phone=\u00bb||250px||false|false\u00bb custom_css_main_element=\u00bbz-index: 15;\u00bb global_colors_info=\u00bb{}\u00bb][et_pb_row column_structure=\u00bb1_2,1_2&#8243; make_equal=\u00bbon\u00bb module_id=\u00bbtacowey\u00bb _builder_version=\u00bb4.27.2&#8243; _module_preset=\u00bbdefault\u00bb custom_css_main_element=\u00bbalign-items: center;\u00bb global_colors_info=\u00bb{}\u00bb][et_pb_column type=\u00bb1_2&#8243; _builder_version=\u00bb4.27.2&#8243; _module_preset=\u00bbdefault\u00bb global_colors_info=\u00bb{}\u00bb][et_pb_image src=\u00bbhttps:\/\/tacoweytacos.com\/wp-content\/uploads\/2024\/11\/tacowey-pack-contingut.png\u00bb alt=\u00bbContenido del pack de Tacowey\u00bb title_text=\u00bbContenido del pack de Tacowey\u00bb _builder_version=\u00bb4.27.2&#8243; _module_preset=\u00bbdefault\u00bb global_colors_info=\u00bb{}\u00bb][\/et_pb_image][\/et_pb_column][et_pb_column type=\u00bb1_2&#8243; _builder_version=\u00bb4.27.2&#8243; _module_preset=\u00bbdefault\u00bb global_colors_info=\u00bb{}\u00bb][et_pb_cta title=\u00bbLa revoluci\u00f3n de los tacos gourmet en casa\u00bb button_url=\u00bb@ET-DC@eyJkeW5hbWljIjp0cnVlLCJjb250ZW50IjoicG9zdF9saW5rX3VybF9wYWdlIiwic2V0dGluZ3MiOnsicG9zdF9pZCI6IjI2IiwiZW5hYmxlX2h0bWwiOiJvZmYifX0=@\u00bb button_text=\u00bbM\u00e1s informaci\u00f3n\u00bb _builder_version=\u00bb4.27.4&#8243; _dynamic_attributes=\u00bbbutton_url\u00bb _module_preset=\u00bbdefault\u00bb header_font=\u00bb|||on|||||\u00bb background_layout=\u00bblight\u00bb global_colors_info=\u00bb{}\u00bb]<\/p>\n<p>Nacido de la pasi\u00f3n de unos verdaderos entusiastas de la gastronom\u00eda, TACOWEY lleva la experiencia de tacos gourmet directamente en tu casa. Cada kit es una fiesta de sabores aut\u00e9nticos y naturales, dise\u00f1ado para ser tan divertido como f\u00e1cil de preparar.<\/p>\n<p>Nuestros kits incluyen las tortitas artesanales, el guiso, los <em>toppings<\/em> frescos, y sus salsas cuidadosamente elegidas, fundamentales para darle el sabor caracter\u00edstico. Todos estos ingredientes est\u00e1n seleccionados con el m\u00e1s alto est\u00e1ndar de calidad y sin aditivos artificiales. Con TACOWEY, no hace falta ser chef para disfrutar de una aut\u00e9ntica experiencia culinaria. Descubrid TACOWEY, donde cada taco es una celebraci\u00f3n de la gastronom\u00eda. Prep\u00e1rate para una experiencia gourmet sin complicaciones.<br \/>\u00a1S\u00f3lo calienta, monta y disfruta!<\/p>\n<p>[\/et_pb_cta][\/et_pb_column][\/et_pb_row][\/et_pb_section][et_pb_section fb_built=\u00bb1&#8243; admin_label=\u00bbSection\u00bb _builder_version=\u00bb4.27.2&#8243; _module_preset=\u00bbd517c2ee-5397-4871-b104-d6ea9f957f82&#8243; background_color=\u00bbRGBA(255,255,255,0)\u00bb background_image=\u00bbhttps:\/\/tacoweytacos.com\/wp-content\/uploads\/2024\/11\/pattern-yellow-tacowey.png\u00bb custom_margin=\u00bb-150px||||false|false\u00bb custom_margin_tablet=\u00bb-200px||||false|false\u00bb custom_margin_phone=\u00bb-200px||||false|false\u00bb custom_margin_last_edited=\u00bbon|tablet\u00bb custom_padding=\u00bb150px||150px||false|false\u00bb custom_padding_tablet=\u00bb200px||200px||false|false\u00bb custom_css_main_element=\u00bbz-index: 10;\u00bb global_colors_info=\u00bb{}\u00bb][et_pb_row column_structure=\u00bb3_5,2_5&#8243; make_equal=\u00bbon\u00bb _builder_version=\u00bb4.27.2&#8243; _module_preset=\u00bbdefault\u00bb custom_css_main_element=\u00bbalign-items: center;\u00bb global_colors_info=\u00bb{}\u00bb][et_pb_column type=\u00bb3_5&#8243; _builder_version=\u00bb4.27.2&#8243; _module_preset=\u00bbdefault\u00bb global_colors_info=\u00bb{}\u00bb][et_pb_cta title=\u00bbCochinita pibil\u00bb button_url=\u00bbhttps:\/\/tacoweytacos.com\/es\/producto\/cochinita-pibil\/\u00bb button_text=\u00bbM\u00e1s informaci\u00f3n\u00bb module_class=\u00bbheaders-inverse\u00bb _builder_version=\u00bb4.27.2&#8243; _module_preset=\u00bbdefault\u00bb header_font=\u00bbLondrina Solid|||on|||||\u00bb header_font_size=\u00bb100px\u00bb body_font=\u00bb&#8211;et_global_heading_font|||on|||||\u00bb body_font_size=\u00bb18px\u00bb custom_button=\u00bbon\u00bb button_bg_color=\u00bb#904EFD\u00bb button_use_icon=\u00bboff\u00bb header_text_align_tablet=\u00bbcenter\u00bb header_text_align_phone=\u00bbcenter\u00bb header_text_align_last_edited=\u00bbon|tablet\u00bb header_font_size_tablet=\u00bb60px\u00bb header_font_size_phone=\u00bb40px\u00bb header_font_size_last_edited=\u00bbon|desktop\u00bb body_text_align_tablet=\u00bbcenter\u00bb body_text_align_phone=\u00bbcenter\u00bb body_text_align_last_edited=\u00bbon|phone\u00bb button_alignment_tablet=\u00bbcenter\u00bb button_alignment_phone=\u00bbcenter\u00bb button_alignment_last_edited=\u00bbon|phone\u00bb text_orientation_tablet=\u00bbcenter\u00bb text_orientation_last_edited=\u00bboff|desktop\u00bb global_colors_info=\u00bb{}\u00bb button_text_color__hover_enabled=\u00bbon|hover\u00bb button_text_color__hover=\u00bb#904EFD\u00bb button_bg_color__hover_enabled=\u00bbon|hover\u00bb button_bg_color__hover=\u00bb#FFFFFF\u00bb button_bg_enable_color__hover=\u00bbon\u00bb]<\/p>\n<p>Kit taquero<\/p>\n<p>[\/et_pb_cta][\/et_pb_column][et_pb_column type=\u00bb2_5&#8243; _builder_version=\u00bb4.27.2&#8243; _module_preset=\u00bbdefault\u00bb global_colors_info=\u00bb{}\u00bb][et_pb_image src=\u00bbhttps:\/\/tacoweytacos.com\/wp-content\/uploads\/2024\/11\/kit-arquero-cochinita-pibil-tacowey.png\u00bb alt=\u00bbKit arquero Cochinita Pibil de Tacowey\u00bb title_text=\u00bbKit arquero Cochinita Pibil de Tacowey\u00bb align=\u00bbcenter\u00bb _builder_version=\u00bb4.27.2&#8243; _module_preset=\u00bbdefault\u00bb width_tablet=\u00bb60%\u00bb width_phone=\u00bbauto\u00bb width_last_edited=\u00bbon|phone\u00bb global_colors_info=\u00bb{}\u00bb][\/et_pb_image][\/et_pb_column][\/et_pb_row][\/et_pb_section][et_pb_section fb_built=\u00bb1&#8243; _builder_version=\u00bb4.27.2&#8243; _module_preset=\u00bbd517c2ee-5397-4871-b104-d6ea9f957f82&#8243; background_color=\u00bbRGBA(255,255,255,0)\u00bb background_image=\u00bbhttps:\/\/tacoweytacos.com\/wp-content\/uploads\/2024\/11\/pattern-green-tacowey.png\u00bb custom_margin=\u00bb-150px||||false|false\u00bb custom_padding=\u00bb150px||150px||false|false\u00bb custom_padding_tablet=\u00bb200px||200px||false|false\u00bb custom_css_main_element=\u00bbz-index: 5;\u00bb global_colors_info=\u00bb{}\u00bb][et_pb_row column_structure=\u00bb3_5,2_5&#8243; make_equal=\u00bbon\u00bb _builder_version=\u00bb4.27.2&#8243; _module_preset=\u00bbdefault\u00bb custom_css_main_element=\u00bbalign-items: center;\u00bb global_colors_info=\u00bb{}\u00bb][et_pb_column type=\u00bb3_5&#8243; _builder_version=\u00bb4.27.2&#8243; _module_preset=\u00bbdefault\u00bb global_colors_info=\u00bb{}\u00bb][et_pb_cta title=\u00bbPulled pork\u00bb button_url=\u00bbhttps:\/\/tacoweytacos.com\/es\/producto\/pulled-pork\/\u00bb button_text=\u00bbM\u00e1s informaci\u00f3n\u00bb module_class=\u00bbheaders-inverse\u00bb _builder_version=\u00bb4.27.2&#8243; _module_preset=\u00bb6b599316-aa66-43d4-b392-058718a739d4&#8243; header_font=\u00bbLondrina Solid|||on|||||\u00bb header_font_size=\u00bb100px\u00bb body_font=\u00bb&#8211;et_global_heading_font|||on|||||\u00bb body_font_size=\u00bb18px\u00bb custom_button=\u00bbon\u00bb button_bg_color=\u00bb#FCB400&#8243; button_use_icon=\u00bboff\u00bb header_text_align_tablet=\u00bbcenter\u00bb header_text_align_phone=\u00bbcenter\u00bb header_text_align_last_edited=\u00bbon|tablet\u00bb header_font_size_tablet=\u00bb60px\u00bb header_font_size_phone=\u00bb40px\u00bb header_font_size_last_edited=\u00bbon|desktop\u00bb body_text_align_tablet=\u00bbcenter\u00bb body_text_align_phone=\u00bbcenter\u00bb body_text_align_last_edited=\u00bbon|tablet\u00bb button_alignment_tablet=\u00bbcenter\u00bb button_alignment_phone=\u00bbcenter\u00bb button_alignment_last_edited=\u00bbon|phone\u00bb global_colors_info=\u00bb{}\u00bb button_text_color__hover_enabled=\u00bbon|hover\u00bb button_text_color__hover=\u00bb#FCB400&#8243; button_bg_color__hover_enabled=\u00bbon|desktop\u00bb button_bg_color__hover=\u00bb#FFFFFF\u00bb button_bg_enable_color__hover=\u00bbon\u00bb]<\/p>\n<p>Kit taquero<\/p>\n<p>[\/et_pb_cta][\/et_pb_column][et_pb_column type=\u00bb2_5&#8243; _builder_version=\u00bb4.27.2&#8243; _module_preset=\u00bbdefault\u00bb global_colors_info=\u00bb{}\u00bb][et_pb_image src=\u00bbhttps:\/\/tacoweytacos.com\/wp-content\/uploads\/2024\/11\/kit-arquero-pulled-pork-tacowey.png\u00bb alt=\u00bbKit arquero Pulled Pork de Tacowey\u00bb title_text=\u00bbKit arquero Pulled Pork de Tacowey\u00bb align=\u00bbcenter\u00bb _builder_version=\u00bb4.27.2&#8243; _module_preset=\u00bbdefault\u00bb width_tablet=\u00bb60%\u00bb width_phone=\u00bbauto\u00bb width_last_edited=\u00bbon|phone\u00bb global_colors_info=\u00bb{}\u00bb][\/et_pb_image][\/et_pb_column][\/et_pb_row][\/et_pb_section][et_pb_section fb_built=\u00bb1&#8243; custom_padding_last_edited=\u00bbon|desktop\u00bb _builder_version=\u00bb4.27.2&#8243; _module_preset=\u00bbd517c2ee-5397-4871-b104-d6ea9f957f82&#8243; background_color=\u00bb#CEC0A9&#8243; background_image=\u00bbhttps:\/\/tacoweytacos.com\/wp-content\/uploads\/2024\/11\/pattern-purple-tacowey-1.png\u00bb custom_margin=\u00bb-150px||||false|false\u00bb custom_padding=\u00bb150px||150px||true|false\u00bb custom_padding_tablet=\u00bb200px||200px||true|false\u00bb custom_padding_phone=\u00bb200px||200px||true|false\u00bb custom_css_main_element=\u00bbz-index: 3;\u00bb global_colors_info=\u00bb{}\u00bb][et_pb_row column_structure=\u00bb3_5,2_5&#8243; make_equal=\u00bbon\u00bb _builder_version=\u00bb4.27.2&#8243; _module_preset=\u00bbdefault\u00bb custom_css_main_element=\u00bbalign-items: center;\u00bb global_colors_info=\u00bb{}\u00bb][et_pb_column type=\u00bb3_5&#8243; _builder_version=\u00bb4.27.2&#8243; _module_preset=\u00bbdefault\u00bb global_colors_info=\u00bb{}\u00bb][et_pb_cta title=\u00bbVeganito\u00bb button_url=\u00bbhttps:\/\/tacoweytacos.com\/es\/producto\/veganito\/\u00bb button_text=\u00bbM\u00e1s informaci\u00f3n\u00bb module_class=\u00bbheaders-inverse\u00bb _builder_version=\u00bb4.27.2&#8243; _module_preset=\u00bb6b599316-aa66-43d4-b392-058718a739d4&#8243; header_font=\u00bbLondrina Solid|||on|||||\u00bb header_font_size=\u00bb100px\u00bb body_font=\u00bb&#8211;et_global_heading_font|||on|||||\u00bb body_font_size=\u00bb18px\u00bb custom_button=\u00bbon\u00bb button_bg_color=\u00bb#FCB400&#8243; button_use_icon=\u00bboff\u00bb header_text_align_tablet=\u00bbcenter\u00bb header_text_align_phone=\u00bbcenter\u00bb header_text_align_last_edited=\u00bbon|tablet\u00bb header_font_size_tablet=\u00bb60px\u00bb header_font_size_phone=\u00bb40px\u00bb header_font_size_last_edited=\u00bbon|desktop\u00bb body_text_align_tablet=\u00bbcenter\u00bb body_text_align_phone=\u00bbcenter\u00bb body_text_align_last_edited=\u00bbon|tablet\u00bb button_alignment_tablet=\u00bbcenter\u00bb button_alignment_phone=\u00bbcenter\u00bb button_alignment_last_edited=\u00bbon|phone\u00bb global_colors_info=\u00bb{}\u00bb button_text_color__hover_enabled=\u00bbon|hover\u00bb button_text_color__hover=\u00bb#FCB400&#8243; button_bg_color__hover_enabled=\u00bbon|desktop\u00bb button_bg_color__hover=\u00bb#FFFFFF\u00bb button_bg_enable_color__hover=\u00bbon\u00bb]<\/p>\n<p>Kit taquero<\/p>\n<p>[\/et_pb_cta][\/et_pb_column][et_pb_column type=\u00bb2_5&#8243; _builder_version=\u00bb4.27.2&#8243; _module_preset=\u00bbdefault\u00bb global_colors_info=\u00bb{}\u00bb][et_pb_image src=\u00bbhttps:\/\/tacoweytacos.com\/wp-content\/uploads\/2024\/11\/kit-arquero-veganito-tacowey.png\u00bb alt=\u00bbKit arquero Veganito de Tacowey\u00bb title_text=\u00bbKit arquero Veganito de Tacowey\u00bb align=\u00bbright\u00bb _builder_version=\u00bb4.27.2&#8243; _module_preset=\u00bbdefault\u00bb global_colors_info=\u00bb{}\u00bb][\/et_pb_image][\/et_pb_column][\/et_pb_row][\/et_pb_section]<\/p>\n","protected":false},"excerpt":{"rendered":"<p>Nacido de la pasi\u00f3n de unos verdaderos entusiastas de la gastronom\u00eda, TACOWEY lleva la experiencia de tacos gourmet directamente en tu casa. Cada kit es una fiesta de sabores aut\u00e9nticos y naturales, dise\u00f1ado para ser tan divertido como f\u00e1cil de preparar. Nuestros kits incluyen las tortitas artesanales, el guiso, los toppings frescos, y sus salsas [&hellip;]<\/p>\n","protected":false},"author":1,"featured_media":0,"parent":0,"menu_order":0,"comment_status":"closed","ping_status":"closed","template":"","meta":{"_acf_changed":false,"_et_pb_use_builder":"on","_et_pb_old_content":"","_et_gb_content_width":"","footnotes":""},"estil-menu":[32],"class_list":["post-856","page","type-page","status-publish","hentry","estil-menu-menu-transparent"],"acf":[],"_links":{"self":[{"href":"https:\/\/tacoweytacos.com\/es\/wp-json\/wp\/v2\/pages\/856","targetHints":{"allow":["GET"]}}],"collection":[{"href":"https:\/\/tacoweytacos.com\/es\/wp-json\/wp\/v2\/pages"}],"about":[{"href":"https:\/\/tacoweytacos.com\/es\/wp-json\/wp\/v2\/types\/page"}],"author":[{"embeddable":true,"href":"https:\/\/tacoweytacos.com\/es\/wp-json\/wp\/v2\/users\/1"}],"replies":[{"embeddable":true,"href":"https:\/\/tacoweytacos.com\/es\/wp-json\/wp\/v2\/comments?post=856"}],"version-history":[{"count":29,"href":"https:\/\/tacoweytacos.com\/es\/wp-json\/wp\/v2\/pages\/856\/revisions"}],"predecessor-version":[{"id":1139,"href":"https:\/\/tacoweytacos.com\/es\/wp-json\/wp\/v2\/pages\/856\/revisions\/1139"}],"wp:attachment":[{"href":"https:\/\/tacoweytacos.com\/es\/wp-json\/wp\/v2\/media?parent=856"}],"wp:term":[{"taxonomy":"estil-menu","embeddable":true,"href":"https:\/\/tacoweytacos.com\/es\/wp-json\/wp\/v2\/estil-menu?post=856"}],"curies":[{"name":"wp","href":"https:\/\/api.w.org\/{rel}","templated":true}]}}